{"id":22,"date":"2020-03-17T14:04:00","date_gmt":"2020-03-17T14:04:00","guid":{"rendered":"http:\/\/dipaolomuebles.com.ar\/?page_id=22"},"modified":"2020-04-11T16:21:22","modified_gmt":"2020-04-11T16:21:22","slug":"compra-en-nexa","status":"publish","type":"page","link":"https:\/\/dipaolomuebles.com.ar\/","title":{"rendered":"Compr\u00e1 en NEXA"},"content":{"rendered":"<p>[et_pb_section fb_built=\u00bb1&#8243; custom_padding_last_edited=\u00bbon|phone\u00bb _builder_version=\u00bb4.4.2&#8243; background_image=\u00bbhttp:\/\/dipaolomuebles.com.ar\/wp-content\/uploads\/2020\/03\/fondo2.jpg\u00bb custom_padding=\u00bb78px||42px|||\u00bb custom_padding_tablet=\u00bb\u00bb custom_padding_phone=\u00bb18px||42px||false|false\u00bb][et_pb_row _builder_version=\u00bb4.4.0&#8243; width=\u00bb100%\u00bb animation_style=\u00bbslide\u00bb animation_direction=\u00bbbottom\u00bb animation_intensity_slide=\u00bb3%\u00bb][et_pb_column type=\u00bb4_4&#8243; _builder_version=\u00bb4.4.0&#8243;][et_pb_text _builder_version=\u00bb4.4.0&#8243; text_text_color=\u00bb#ffffff\u00bb header_text_color=\u00bb#ffffff\u00bb header_font_size=\u00bb39px\u00bb]<\/p>\n<h1 class=\"et_pb_module_header et-fb-editable-element et-fb-editable-element__editing\" data-shortcode-id=\"0.0-1584457958816\" data-quickaccess-id=\"title\" contenteditable=\"true\" style=\"text-align: center;\"><strong>Di Paolo Muebles y NEXA juntos!<\/strong><\/h1>\n<p>[\/et_pb_text][et_pb_text _builder_version=\u00bb4.4.0&#8243; text_text_color=\u00bb#ffffff\u00bb text_font_size=\u00bb18px\u00bb header_font_size=\u00bb39px\u00bb custom_margin=\u00bb|200px||200px|false|false\u00bb custom_margin_tablet=\u00bb\u00bb custom_margin_phone=\u00bb|15px||15px|false|false\u00bb custom_margin_last_edited=\u00bbon|phone\u00bb text_orientation_tablet=\u00bb\u00bb text_orientation_phone=\u00bbcenter\u00bb text_orientation_last_edited=\u00bbon|phone\u00bb]<\/p>\n<p>Hac\u00e9 tus compras on line f\u00e1cil y r\u00e1pido, pero con la confianza de conocernos de toda la vida. Ahora podemos decir que estamos conectados con vos siempre!<\/p>\n<p>[\/et_pb_text][et_pb_button button_url=\u00bbhttp:\/\/www.nexahogar.com\u00bb button_text=\u00bbCOMPR\u00c1 ONLINE\u00bb button_alignment=\u00bbcenter\u00bb _builder_version=\u00bb4.4.0&#8243; custom_button=\u00bbon\u00bb button_text_size=\u00bb17px\u00bb button_text_color=\u00bb#ffffff\u00bb button_bg_color=\u00bb#8400bc\u00bb button_border_width=\u00bb0px\u00bb button_border_radius=\u00bb6px\u00bb button_bg_color__hover_enabled=\u00bbon|hover\u00bb button_bg_color__hover=\u00bb#5c008e\u00bb button_bg_enable_color__hover=\u00bbon\u00bb][\/et_pb_button][\/et_pb_column][\/et_pb_row][et_pb_row _builder_version=\u00bb4.4.2&#8243; custom_margin=\u00bb11px|auto||auto||\u00bb custom_margin_tablet=\u00bb\u00bb custom_margin_phone=\u00bb8px|auto||auto|false|false\u00bb custom_margin_last_edited=\u00bbon|phone\u00bb custom_padding=\u00bb13px|||||\u00bb hover_enabled=\u00bb0&#8243;][et_pb_column type=\u00bb4_4&#8243; _builder_version=\u00bb4.4.0&#8243;][et_pb_image src=\u00bbhttp:\/\/dipaolomuebles.com.ar\/wp-content\/uploads\/2020\/04\/qr.png\u00bb align=\u00bbcenter\u00bb _builder_version=\u00bb4.4.2&#8243; background_color=\u00bb#ffffff\u00bb width=\u00bb17%\u00bb width_tablet=\u00bb\u00bb width_phone=\u00bb80%\u00bb width_last_edited=\u00bbon|phone\u00bb custom_margin=\u00bb||8px|||\u00bb custom_padding=\u00bb15px|15px|15px|15px|false|false\u00bb hover_enabled=\u00bb0&#8243;][\/et_pb_image][et_pb_text _builder_version=\u00bb4.4.2&#8243; hover_enabled=\u00bb0&#8243;]<\/p>\n<p style=\"text-align: center;\"><span style=\"color: #ffffff;\"><strong>PORTAL DE PAGO<\/strong><\/span><\/p>\n<p>[\/et_pb_text][et_pb_image src=\u00bbhttp:\/\/dipaolomuebles.com.ar\/wp-content\/uploads\/2020\/03\/logos.png\u00bb align=\u00bbcenter\u00bb _builder_version=\u00bb4.4.2&#8243; width=\u00bb31%\u00bb width_tablet=\u00bb\u00bb width_phone=\u00bb80%\u00bb width_last_edited=\u00bbon|phone\u00bb hover_enabled=\u00bb0&#8243;][\/et_pb_image][\/et_pb_column][\/et_pb_row][\/et_pb_section]<\/p>\n","protected":false},"excerpt":{"rendered":"<p>[et_pb_section fb_built=\u00bb1&#8243; custom_padding_last_edited=\u00bbon|phone\u00bb _builder_version=\u00bb4.4.2&#8243; background_image=\u00bbhttp:\/\/dipaolomuebles.com.ar\/wp-content\/uploads\/2020\/03\/fondo2.jpg\u00bb custom_padding=\u00bb78px||42px|||\u00bb custom_padding_tablet=\u00bb\u00bb custom_padding_phone=\u00bb18px||42px||false|false\u00bb][et_pb_row _builder_version=\u00bb4.4.0&#8243; width=\u00bb100%\u00bb animation_style=\u00bbslide\u00bb animation_direction=\u00bbbottom\u00bb animation_intensity_slide=\u00bb3%\u00bb][et_pb_column type=\u00bb4_4&#8243; _builder_version=\u00bb4.4.0&#8243;][et_pb_text _builder_version=\u00bb4.4.0&#8243; text_text_color=\u00bb#ffffff\u00bb header_text_color=\u00bb#ffffff\u00bb header_font_size=\u00bb39px\u00bb] Di Paolo Muebles y NEXA juntos! [\/et_pb_text][et_pb_text _builder_version=\u00bb4.4.0&#8243; text_text_color=\u00bb#ffffff\u00bb text_font_size=\u00bb18px\u00bb header_font_size=\u00bb39px\u00bb custom_margin=\u00bb|200px||200px|false|false\u00bb custom_margin_tablet=\u00bb\u00bb custom_margin_phone=\u00bb|15px||15px|false|false\u00bb custom_margin_last_edited=\u00bbon|phone\u00bb text_orientation_tablet=\u00bb\u00bb text_orientation_phone=\u00bbcenter\u00bb text_orientation_last_edited=\u00bbon|phone\u00bb] Hac\u00e9 tus compras on line f\u00e1cil y r\u00e1pido, pero con la confianza de conocernos de toda la vida. [&hellip;]<\/p>\n","protected":false},"author":1,"featured_media":0,"parent":0,"menu_order":0,"comment_status":"closed","ping_status":"closed","template":"page-template-blank.php","meta":{"_et_pb_use_builder":"on","_et_pb_old_content":"","_et_gb_content_width":""},"_links":{"self":[{"href":"https:\/\/dipaolomuebles.com.ar\/index.php\/wp-json\/wp\/v2\/pages\/22"}],"collection":[{"href":"https:\/\/dipaolomuebles.com.ar\/index.php\/wp-json\/wp\/v2\/pages"}],"about":[{"href":"https:\/\/dipaolomuebles.com.ar\/index.php\/wp-json\/wp\/v2\/types\/page"}],"author":[{"embeddable":true,"href":"https:\/\/dipaolomuebles.com.ar\/index.php\/wp-json\/wp\/v2\/users\/1"}],"replies":[{"embeddable":true,"href":"https:\/\/dipaolomuebles.com.ar\/index.php\/wp-json\/wp\/v2\/comments?post=22"}],"version-history":[{"count":17,"href":"https:\/\/dipaolomuebles.com.ar\/index.php\/wp-json\/wp\/v2\/pages\/22\/revisions"}],"predecessor-version":[{"id":68,"href":"https:\/\/dipaolomuebles.com.ar\/index.php\/wp-json\/wp\/v2\/pages\/22\/revisions\/68"}],"wp:attachment":[{"href":"https:\/\/dipaolomuebles.com.ar\/index.php\/wp-json\/wp\/v2\/media?parent=22"}],"curies":[{"name":"wp","href":"https:\/\/api.w.org\/{rel}","templated":true}]}}